{"id":2,"date":"2025-12-13T03:23:44","date_gmt":"2025-12-13T03:23:44","guid":{"rendered":"http:\/\/www.vaiksem.ee\/?page_id=2"},"modified":"2026-01-04T13:09:31","modified_gmt":"2026-01-04T11:09:31","slug":"sample-page","status":"publish","type":"page","link":"http:\/\/www.vaiksem.ee\/","title":{"rendered":"Vaiksem.ee"},"content":{"rendered":"\n<p>Veebilehel aktiivset m\u00fc\u00fcki enam ei toimu. Kui on huvi mingite toodete kohta, mis meil v\u00f5ib veel laos olla, palun kirjuta maris@vaiksem.ee<\/p>\n","protected":false},"excerpt":{"rendered":"<p>Veebilehel aktiivset m\u00fc\u00fcki enam ei toimu. Kui on huvi mingite toodete kohta, mis meil v\u00f5ib veel laos olla, palun kirjuta maris@vaiksem.ee<\/p>\n","protected":false},"author":1,"featured_media":0,"parent":0,"menu_order":0,"comment_status":"closed","ping_status":"open","template":"","meta":{"footnotes":""},"class_list":["post-2","page","type-page","status-publish","hentry"],"blocksy_meta":[],"_links":{"self":[{"href":"http:\/\/www.vaiksem.ee\/index.php\/wp-json\/wp\/v2\/pages\/2","targetHints":{"allow":["GET"]}}],"collection":[{"href":"http:\/\/www.vaiksem.ee\/index.php\/wp-json\/wp\/v2\/pages"}],"about":[{"href":"http:\/\/www.vaiksem.ee\/index.php\/wp-json\/wp\/v2\/types\/page"}],"author":[{"embeddable":true,"href":"http:\/\/www.vaiksem.ee\/index.php\/wp-json\/wp\/v2\/users\/1"}],"replies":[{"embeddable":true,"href":"http:\/\/www.vaiksem.ee\/index.php\/wp-json\/wp\/v2\/comments?post=2"}],"version-history":[{"count":1,"href":"http:\/\/www.vaiksem.ee\/index.php\/wp-json\/wp\/v2\/pages\/2\/revisions"}],"predecessor-version":[{"id":10,"href":"http:\/\/www.vaiksem.ee\/index.php\/wp-json\/wp\/v2\/pages\/2\/revisions\/10"}],"wp:attachment":[{"href":"http:\/\/www.vaiksem.ee\/index.php\/wp-json\/wp\/v2\/media?parent=2"}],"curies":[{"name":"wp","href":"https:\/\/api.w.org\/{rel}","templated":true}]}}